{"id":4228,"date":"2021-04-20T20:45:55","date_gmt":"2021-04-20T18:45:55","guid":{"rendered":"https:\/\/www.isitec-international.com\/storage\/"},"modified":"2026-03-30T14:31:04","modified_gmt":"2026-03-30T12:31:04","slug":"storage","status":"publish","type":"page","link":"https:\/\/isitec-international.com\/tr\/urunler\/storage\/","title":{"rendered":"Storage"},"content":{"rendered":"<p>[et_pb_section fb_built=&#8221;1&#8243; custom_padding_last_edited=&#8221;on|phone&#8221; _builder_version=&#8221;4.21.0&#8243; _module_preset=&#8221;default&#8221; background_image=&#8221;https:\/\/isitec-international.com\/wp-content\/uploads\/2023\/05\/banniere-product_storage_isitrac-stock.jpg&#8221; custom_padding=&#8221;12vh||12vh||true|false&#8221; custom_padding_tablet=&#8221;&#8221; custom_padding_phone=&#8221;10vh||10vh||true|false&#8221; da_disable_devices=&#8221;off|off|off&#8221; global_colors_info=&#8221;{}&#8221; da_is_popup=&#8221;off&#8221; da_exit_intent=&#8221;off&#8221; da_has_close=&#8221;on&#8221; da_alt_close=&#8221;off&#8221; da_dark_close=&#8221;off&#8221; da_not_modal=&#8221;on&#8221; da_is_singular=&#8221;off&#8221; da_with_loader=&#8221;off&#8221; da_has_shadow=&#8221;on&#8221;][et_pb_row _builder_version=&#8221;4.16&#8243; _module_preset=&#8221;default&#8221; animation_style=&#8221;slide&#8221; animation_direction=&#8221;bottom&#8221; animation_intensity_slide=&#8221;10%&#8221; global_colors_info=&#8221;{}&#8221;][et_pb_column type=&#8221;4_4&#8243; _builder_version=&#8221;4.16&#8243; _module_preset=&#8221;default&#8221; global_colors_info=&#8221;{}&#8221;][et_pb_text _builder_version=&#8221;4.16&#8243; _module_preset=&#8221;default&#8221; text_text_color=&#8221;#ffffff&#8221; text_font_size=&#8221;14px&#8221; header_font=&#8221;Poppins|600|||||||&#8221; header_text_color=&#8221;#ffffff&#8221; header_font_size=&#8221;52px&#8221; text_font_size_tablet=&#8221;&#8221; text_font_size_phone=&#8221;15px&#8221; text_font_size_last_edited=&#8221;on|phone&#8221; header_font_size_tablet=&#8221;&#8221; header_font_size_phone=&#8221;42px&#8221; header_font_size_last_edited=&#8221;on|phone&#8221; custom_css_main_element=&#8221;font-weight:400;&#8221; global_colors_info=&#8221;{}&#8221;]<\/p>\n<h1>Depolama<\/h1>\n<p><\/p>\n<nav  aria-label=\"breadcrumb\"><ol class=\"breadcrumb\"><li class=\"breadcrumb-item active\" aria-current=\"page\"><span>Home<\/span><\/li><\/ol><\/nav>\n<p><\/p>\n<div id=\"gtx-trans\" style=\"position: absolute; left: -174px; top: 66.6424px;\">\n<div class=\"gtx-trans-icon\">\u00a0<\/div>\n<p><\/div>\n<p>[\/et_pb_text][\/et_pb_column][\/et_pb_row][\/et_pb_section][et_pb_section fb_built=&#8221;1&#8243; _builder_version=&#8221;4.16&#8243; _module_preset=&#8221;default&#8221; background_color=&#8221;#F6F6F6&#8243; custom_padding=&#8221;80px||80px||true|&#8221; da_disable_devices=&#8221;off|off|off&#8221; global_colors_info=&#8221;{}&#8221; da_is_popup=&#8221;off&#8221; da_exit_intent=&#8221;off&#8221; da_has_close=&#8221;on&#8221; da_alt_close=&#8221;off&#8221; da_dark_close=&#8221;off&#8221; da_not_modal=&#8221;on&#8221; da_is_singular=&#8221;off&#8221; da_with_loader=&#8221;off&#8221; da_has_shadow=&#8221;on&#8221;][et_pb_row _builder_version=&#8221;4.16&#8243; _module_preset=&#8221;default&#8221; custom_padding=&#8221;0px||0px|||&#8221; animation_style=&#8221;slide&#8221; animation_direction=&#8221;bottom&#8221; animation_intensity_slide=&#8221;10%&#8221; global_colors_info=&#8221;{}&#8221;][et_pb_column type=&#8221;4_4&#8243; _builder_version=&#8221;4.16&#8243; _module_preset=&#8221;default&#8221; global_colors_info=&#8221;{}&#8221;][et_pb_text _builder_version=&#8221;4.16&#8243; _module_preset=&#8221;default&#8221; text_text_color=&#8221;#666666&#8243; text_line_height=&#8221;2em&#8221; header_line_height=&#8221;1.3em&#8221; header_2_font=&#8221;|600|||||||&#8221; header_2_font_size=&#8221;28px&#8221; header_2_line_height=&#8221;1.6em&#8221; custom_margin=&#8221;||0px||false|false&#8221; header_2_font_size_tablet=&#8221;&#8221; header_2_font_size_phone=&#8221;&#8221; header_2_font_size_last_edited=&#8221;on|phone&#8221; custom_css_main_element=&#8221;font-weight:400;&#8221; global_colors_info=&#8221;{}&#8221;]<\/p>\n<h2>Depolama \u00e7\u00f6z\u00fcmlerimiz<\/h2>\n<p><\/p>\n<div id=\"gtx-trans\" style=\"position: absolute; left: -282px; top: 62.5799px;\">\n<div class=\"gtx-trans-icon\">\u00a0<\/div>\n<p><\/div>\n<p>[\/et_pb_text][\/et_pb_column][\/et_pb_row][et_pb_row column_structure=&#8221;1_4,1_4,1_4,1_4&#8243; use_custom_gutter=&#8221;on&#8221; gutter_width=&#8221;2&#8243; _builder_version=&#8221;4.16&#8243; _module_preset=&#8221;default&#8221; animation_style=&#8221;slide&#8221; animation_direction=&#8221;bottom&#8221; animation_intensity_slide=&#8221;10%&#8221; saved_tabs=&#8221;all&#8221; global_colors_info=&#8221;{}&#8221;][et_pb_column type=&#8221;1_4&#8243; _builder_version=&#8221;4.16&#8243; _module_preset=&#8221;default&#8221; global_colors_info=&#8221;{}&#8221;][et_pb_image src=&#8221;https:\/\/isitec-international.com\/wp-content\/uploads\/2023\/05\/Isitrac-stock.jpg&#8221; alt=&#8221;isitrac stock&#8221; title_text=&#8221;isitrac stock&#8221; url=&#8221;https:\/\/isitec-international.com\/tr\/urunler\/storage\/isitrac-stock\/&#8221; _builder_version=&#8221;4.27.6&#8243; _module_preset=&#8221;default&#8221; custom_margin=&#8221;||0px||false|false&#8221; animation_direction=&#8221;bottom&#8221; hover_enabled=&#8221;0&#8243; border_radii=&#8221;on|6px|6px|6px|6px&#8221; global_colors_info=&#8221;{}&#8221; sticky_enabled=&#8221;0&#8243;][\/et_pb_image][et_pb_blurb title=&#8221;Isitrac Stock\u00ae&#8221; url=&#8221;https:\/\/isitec-international.com\/tr\/urunler\/storage\/isitrac-stock\/&#8221; module_class=&#8221;btn-services-blurb&#8221; _builder_version=&#8221;4.27.6&#8243; _module_preset=&#8221;default&#8221; header_font=&#8221;|600|||||||&#8221; header_font_size=&#8221;19px&#8221; header_line_height=&#8221;1.2em&#8221; body_font_size=&#8221;15px&#8221; background_color=&#8221;#ffffff&#8221; min_height=&#8221;193px&#8221; min_height_tablet=&#8221;auto&#8221; min_height_phone=&#8221;&#8221; min_height_last_edited=&#8221;on|tablet&#8221; custom_margin=&#8221;-50px|11px||11px|false|false&#8221; custom_padding=&#8221;30px|30px|0px|30px|false|false&#8221; hover_enabled=&#8221;0&#8243; custom_css_main_element=&#8221;font-weight:400;&#8221; box_shadow_style=&#8221;preset1&#8243; box_shadow_vertical=&#8221;5px&#8221; box_shadow_blur=&#8221;60px&#8221; box_shadow_color=&#8221;rgba(40,40,40,0.1)&#8221; global_colors_info=&#8221;{}&#8221; sticky_enabled=&#8221;0&#8243;]<\/p>\n<p>Android ve iPhone uyumlulu\u011fu ile envanterinizi parmaklar\u0131n\u0131z\u0131n ucunda y\u00f6netin<br \/><a class=\"btn-services\" href=\"https:\/\/www.isitec-international.com\/tr\/urunler\/storage\/isitrac-stock\/\"><span class=\"et-pb-icon\" style=\"font-weight: bold;\">$<\/span><\/a><\/p>\n<p><\/p>\n<div id=\"gtx-trans\" style=\"position: absolute; left: -29px; top: -1.78472px;\">\n<div class=\"gtx-trans-icon\">\u00a0<\/div>\n<p><\/div>\n<p>[\/et_pb_blurb][\/et_pb_column][et_pb_column type=&#8221;1_4&#8243; _builder_version=&#8221;4.16&#8243; _module_preset=&#8221;default&#8221; global_colors_info=&#8221;{}&#8221;][\/et_pb_column][et_pb_column type=&#8221;1_4&#8243; _builder_version=&#8221;4.16&#8243; _module_preset=&#8221;default&#8221; global_colors_info=&#8221;{}&#8221;][\/et_pb_column][et_pb_column type=&#8221;1_4&#8243; _builder_version=&#8221;4.16&#8243; _module_preset=&#8221;default&#8221; global_colors_info=&#8221;{}&#8221;][\/et_pb_column][\/et_pb_row][\/et_pb_section]<\/p>\n","protected":false},"excerpt":{"rendered":"<p>Depolama<nav  aria-label=\"breadcrumb\"><ol class=\"breadcrumb\"><li class=\"breadcrumb-item active\" aria-current=\"page\"><span>Home<\/span><\/li><\/ol><\/nav> \u00a0Depolama \u00e7\u00f6z\u00fcmlerimiz \u00a0Android ve iPhone uyumlulu\u011fu ile envanterinizi parmaklar\u0131n\u0131z\u0131n ucunda y\u00f6netin$ \u00a0<\/p>\n","protected":false},"author":1,"featured_media":0,"parent":4387,"menu_order":71,"comment_status":"closed","ping_status":"closed","template":"","meta":{"_seopress_robots_primary_cat":"","_seopress_titles_title":"Storage | Isitec International","_seopress_titles_desc":"Our solutions for Storage: Isitrac Stock\u00ae and IsiShutter\u00ae","_seopress_robots_index":"","_et_pb_use_builder":"on","_et_pb_old_content":"","_et_gb_content_width":"","footnotes":""},"class_list":["post-4228","page","type-page","status-publish","hentry"],"_links":{"self":[{"href":"https:\/\/isitec-international.com\/tr\/wp-json\/wp\/v2\/pages\/4228","targetHints":{"allow":["GET"]}}],"collection":[{"href":"https:\/\/isitec-international.com\/tr\/wp-json\/wp\/v2\/pages"}],"about":[{"href":"https:\/\/isitec-international.com\/tr\/wp-json\/wp\/v2\/types\/page"}],"author":[{"embeddable":true,"href":"https:\/\/isitec-international.com\/tr\/wp-json\/wp\/v2\/users\/1"}],"replies":[{"embeddable":true,"href":"https:\/\/isitec-international.com\/tr\/wp-json\/wp\/v2\/comments?post=4228"}],"version-history":[{"count":6,"href":"https:\/\/isitec-international.com\/tr\/wp-json\/wp\/v2\/pages\/4228\/revisions"}],"predecessor-version":[{"id":30736,"href":"https:\/\/isitec-international.com\/tr\/wp-json\/wp\/v2\/pages\/4228\/revisions\/30736"}],"up":[{"embeddable":true,"href":"https:\/\/isitec-international.com\/tr\/wp-json\/wp\/v2\/pages\/4387"}],"wp:attachment":[{"href":"https:\/\/isitec-international.com\/tr\/wp-json\/wp\/v2\/media?parent=4228"}],"curies":[{"name":"wp","href":"https:\/\/api.w.org\/{rel}","templated":true}]}}