{"id":30278,"date":"2026-03-05T13:14:11","date_gmt":"2026-03-05T12:14:11","guid":{"rendered":"https:\/\/isitec-international.com\/sortarea-coletelor\/"},"modified":"2026-03-05T13:14:14","modified_gmt":"2026-03-05T12:14:14","slug":"sortarea-coletelor","status":"publish","type":"page","link":"https:\/\/isitec-international.com\/ro\/sortarea-coletelor\/","title":{"rendered":"sortarea coletelor"},"content":{"rendered":"<p>[et_pb_section fb_built=&#8221;1&#8243; custom_padding_last_edited=&#8221;on|phone&#8221; _builder_version=&#8221;4.27.5&#8243; _module_preset=&#8221;default&#8221; background_image=&#8221;https:\/\/isitec-international.com\/wp-content\/uploads\/2026\/02\/parcel-sorting.webp&#8221; background_position=&#8221;top_left&#8221; background_repeat=&#8221;round&#8221; custom_padding=&#8221;12vh||12vh||true|false&#8221; custom_padding_tablet=&#8221;&#8221; custom_padding_phone=&#8221;10vh||10vh||true|false&#8221; da_disable_devices=&#8221;off|off|off&#8221; global_colors_info=&#8221;{}&#8221; da_is_popup=&#8221;off&#8221; da_exit_intent=&#8221;off&#8221; da_has_close=&#8221;on&#8221; da_alt_close=&#8221;off&#8221; da_dark_close=&#8221;off&#8221; da_not_modal=&#8221;on&#8221; da_is_singular=&#8221;off&#8221; da_with_loader=&#8221;off&#8221; da_has_shadow=&#8221;on&#8221;][et_pb_row _builder_version=&#8221;4.16&#8243; _module_preset=&#8221;default&#8221; animation_style=&#8221;slide&#8221; animation_direction=&#8221;bottom&#8221; animation_intensity_slide=&#8221;10%&#8221; global_colors_info=&#8221;{}&#8221;][et_pb_column type=&#8221;4_4&#8243; _builder_version=&#8221;4.16&#8243; _module_preset=&#8221;default&#8221; global_colors_info=&#8221;{}&#8221;][et_pb_text _builder_version=&#8221;4.16&#8243; _module_preset=&#8221;default&#8221; text_text_color=&#8221;#ffffff&#8221; text_font_size=&#8221;14px&#8221; header_font=&#8221;Poppins|600|||||||&#8221; header_text_color=&#8221;#ffffff&#8221; header_font_size=&#8221;52px&#8221; text_font_size_tablet=&#8221;&#8221; text_font_size_phone=&#8221;15px&#8221; text_font_size_last_edited=&#8221;on|phone&#8221; header_font_size_tablet=&#8221;&#8221; header_font_size_phone=&#8221;42px&#8221; header_font_size_last_edited=&#8221;on|phone&#8221; custom_css_main_element=&#8221;font-weight:400;&#8221; global_colors_info=&#8221;{}&#8221;]<\/p>\n<h1>Sortarea coletelor<\/h1>\n<p><\/p>\n<nav  aria-label=\"breadcrumb\"><ol class=\"breadcrumb\"><li class=\"breadcrumb-item active\" aria-current=\"page\"><span>Home<\/span><\/li><\/ol><\/nav>\n<p><\/p>\n<div id=\"gtx-trans\" style=\"position: absolute; left: -137px; top: 8.4375px;\">\n<div class=\"gtx-trans-icon\">\u00a0<\/div>\n<p><\/div>\n<p>[\/et_pb_text][\/et_pb_column][\/et_pb_row][\/et_pb_section][et_pb_section fb_built=&#8221;1&#8243; _builder_version=&#8221;4.16&#8243; _module_preset=&#8221;default&#8221; background_color=&#8221;#F6F6F6&#8243; custom_padding=&#8221;31px||31px||true|&#8221; da_disable_devices=&#8221;off|off|off&#8221; global_colors_info=&#8221;{}&#8221; da_is_popup=&#8221;off&#8221; da_exit_intent=&#8221;off&#8221; da_has_close=&#8221;on&#8221; da_alt_close=&#8221;off&#8221; da_dark_close=&#8221;off&#8221; da_not_modal=&#8221;on&#8221; da_is_singular=&#8221;off&#8221; da_with_loader=&#8221;off&#8221; da_has_shadow=&#8221;on&#8221;][et_pb_row _builder_version=&#8221;4.16&#8243; _module_preset=&#8221;default&#8221; custom_padding=&#8221;0px||0px|||&#8221; animation_style=&#8221;slide&#8221; animation_direction=&#8221;bottom&#8221; animation_intensity_slide=&#8221;10%&#8221; global_colors_info=&#8221;{}&#8221;][et_pb_column type=&#8221;4_4&#8243; _builder_version=&#8221;4.16&#8243; _module_preset=&#8221;default&#8221; global_colors_info=&#8221;{}&#8221;][et_pb_text _builder_version=&#8221;4.27.4&#8243; _module_preset=&#8221;default&#8221; text_font=&#8221;Montserrat||||||||&#8221; header_2_font=&#8221;Poppins|600|||||||&#8221; header_2_text_color=&#8221;#161a6b&#8221; header_2_font_size=&#8221;28px&#8221; header_2_line_height=&#8221;1.4em&#8221; custom_margin=&#8221;||5px|||&#8221; header_2_font_size_tablet=&#8221;28px&#8221; header_2_font_size_phone=&#8221;28px&#8221; header_2_font_size_last_edited=&#8221;on|tablet&#8221; custom_css_main_element=&#8221;font-weight:400;&#8221; locked=&#8221;off&#8221; global_colors_info=&#8221;{}&#8221;]<\/p>\n<h3><strong>Solu\u021biile noastre de sortare a coletelor<\/strong><\/h3>\n<p>[\/et_pb_text][\/et_pb_column][\/et_pb_row][\/et_pb_section][et_pb_section fb_built=&#8221;1&#8243; _builder_version=&#8221;4.27.5&#8243; _module_preset=&#8221;default&#8221; da_disable_devices=&#8221;off|off|off&#8221; global_colors_info=&#8221;{}&#8221; da_is_popup=&#8221;off&#8221; da_exit_intent=&#8221;off&#8221; da_has_close=&#8221;on&#8221; da_alt_close=&#8221;off&#8221; da_dark_close=&#8221;off&#8221; da_not_modal=&#8221;on&#8221; da_is_singular=&#8221;off&#8221; da_with_loader=&#8221;off&#8221; da_has_shadow=&#8221;on&#8221;][et_pb_row column_structure=&#8221;1_4,1_4,1_4,1_4&#8243; use_custom_gutter=&#8221;on&#8221; gutter_width=&#8221;2&#8243; _builder_version=&#8221;4.16&#8243; _module_preset=&#8221;default&#8221; custom_margin=&#8221;24px|auto||auto||&#8221; custom_padding=&#8221;3px|||||&#8221; animation_style=&#8221;slide&#8221; animation_direction=&#8221;bottom&#8221; animation_intensity_slide=&#8221;10%&#8221; saved_tabs=&#8221;all&#8221; locked=&#8221;off&#8221; global_colors_info=&#8221;{}&#8221;][et_pb_column type=&#8221;1_4&#8243; _builder_version=&#8221;4.16&#8243; _module_preset=&#8221;default&#8221; global_colors_info=&#8221;{}&#8221;][et_pb_image src=&#8221;https:\/\/isitec-international.com\/wp-content\/uploads\/2021\/01\/isitec-international-sectors-isisort.jpg&#8221; alt=&#8221;Isitec International &#8211; Isipick To Light&#8221; title_text=&#8221;Isitec International Secteurs Isisort&#8221; _builder_version=&#8221;4.27.5&#8243; _module_preset=&#8221;default&#8221; custom_margin=&#8221;||0px||false|false&#8221; border_radii=&#8221;on|5px|5px|5px|5px&#8221; locked=&#8221;off&#8221; global_colors_info=&#8221;{}&#8221;][\/et_pb_image][et_pb_blurb title=&#8221;Isisort\u00ae&#8221; url_new_window=&#8221;on&#8221; module_class=&#8221;btn-services-blurb&#8221; _builder_version=&#8221;4.27.5&#8243; _module_preset=&#8221;default&#8221; header_font=&#8221;|600|||||||&#8221; header_font_size=&#8221;19px&#8221; header_line_height=&#8221;1.2em&#8221; body_font_size=&#8221;15px&#8221; background_color=&#8221;#ffffff&#8221; min_height=&#8221;233px&#8221; min_height_tablet=&#8221;auto&#8221; min_height_phone=&#8221;&#8221; min_height_last_edited=&#8221;on|tablet&#8221; custom_margin=&#8221;-50px|11px||11px|false|false&#8221; custom_padding=&#8221;30px|30px|0px|30px|false|false&#8221; link_option_url_new_window=&#8221;on&#8221; custom_css_main_element=&#8221;font-weight:400;&#8221; border_color_all_image=&#8221;#161A6B&#8221; box_shadow_style=&#8221;preset1&#8243; box_shadow_vertical=&#8221;5px&#8221; box_shadow_blur=&#8221;60px&#8221; box_shadow_color=&#8221;rgba(40,40,40,0.1)&#8221; locked=&#8221;off&#8221; global_colors_info=&#8221;{}&#8221;]<\/p>\n<p>O solu\u021bie de sortare pneumatic\u0103, u\u0219or de integrat, ideal\u0103 pentru scrisori \u0219i colete mici.<\/p>\n<p>[\/et_pb_blurb][et_pb_button button_url=&#8221;@ET-DC@eyJkeW5hbWljIjp0cnVlLCJjb250ZW50IjoicG9zdF9saW5rX3VybF9wYWdlIiwic2V0dGluZ3MiOnsicG9zdF9pZCI6IjU2MSJ9fQ==@&#8221; url_new_window=&#8221;on&#8221; button_text=&#8221;Zie Isisort\u00ae&#8221; button_alignment=&#8221;center&#8221; _builder_version=&#8221;4.27.5&#8243; _dynamic_attributes=&#8221;button_url&#8221; _module_preset=&#8221;default&#8221; custom_button=&#8221;on&#8221; button_text_size=&#8221;15px&#8221; button_text_color=&#8221;#161A6B&#8221; locked=&#8221;off&#8221; global_colors_info=&#8221;{}&#8221;][\/et_pb_button][\/et_pb_column][et_pb_column type=&#8221;1_4&#8243; _builder_version=&#8221;4.16&#8243; _module_preset=&#8221;default&#8221; global_colors_info=&#8221;{}&#8221;][et_pb_image src=&#8221;https:\/\/isitec-international.com\/wp-content\/uploads\/2023\/05\/Isisort-1-1.jpg&#8221; alt=&#8221;isisort+ 1&#8243; title_text=&#8221;isisort+ 1&#8243; _builder_version=&#8221;4.27.5&#8243; _module_preset=&#8221;default&#8221; custom_margin=&#8221;||0px||false|false&#8221; border_radii=&#8221;on|5px|5px|5px|5px&#8221; locked=&#8221;off&#8221; global_colors_info=&#8221;{}&#8221;][\/et_pb_image][et_pb_blurb title=&#8221;Isisort+\u00ae&#8221; url_new_window=&#8221;on&#8221; alt=&#8221;isisort + wheel sorter&#8221; module_class=&#8221;btn-services-blurb&#8221; _builder_version=&#8221;4.27.5&#8243; _module_preset=&#8221;default&#8221; header_font=&#8221;|600|||||||&#8221; header_font_size=&#8221;19px&#8221; header_line_height=&#8221;1.2em&#8221; body_font_size=&#8221;15px&#8221; background_color=&#8221;#ffffff&#8221; min_height=&#8221;233px&#8221; min_height_tablet=&#8221;auto&#8221; min_height_phone=&#8221;&#8221; min_height_last_edited=&#8221;on|tablet&#8221; custom_margin=&#8221;-50px|11px||11px|false|false&#8221; custom_padding=&#8221;30px|30px|0px|30px|false|false&#8221; custom_css_main_element=&#8221;font-weight:400;&#8221; box_shadow_style=&#8221;preset1&#8243; box_shadow_vertical=&#8221;5px&#8221; box_shadow_blur=&#8221;60px&#8221; box_shadow_color=&#8221;rgba(40,40,40,0.1)&#8221; locked=&#8221;off&#8221; global_colors_info=&#8221;{}&#8221;]<\/p>\n<p>O solu\u021bie modular\u0103 de sortare de tip \u00abwheel sorter\u00bb, potrivit\u0103 pentru medii flexibile cu capacitate mare de procesare.<\/p>\n<p>[\/et_pb_blurb][et_pb_button button_url=&#8221;@ET-DC@eyJkeW5hbWljIjp0cnVlLCJjb250ZW50IjoicG9zdF9saW5rX3VybF9wYWdlIiwic2V0dGluZ3MiOnsicG9zdF9pZCI6IjE0MzU3In19@&#8221; url_new_window=&#8221;on&#8221; button_text=&#8221;Zie Isisort+\u00ae&#8221; button_alignment=&#8221;center&#8221; _builder_version=&#8221;4.27.5&#8243; _dynamic_attributes=&#8221;button_url&#8221; _module_preset=&#8221;default&#8221; custom_button=&#8221;on&#8221; button_text_size=&#8221;15px&#8221; button_text_color=&#8221;#161A6B&#8221; locked=&#8221;off&#8221; global_colors_info=&#8221;{}&#8221;][\/et_pb_button][\/et_pb_column][et_pb_column type=&#8221;1_4&#8243; _builder_version=&#8221;4.16&#8243; _module_preset=&#8221;default&#8221; global_colors_info=&#8221;{}&#8221;][et_pb_image src=&#8221;https:\/\/isitec-international.com\/wp-content\/uploads\/2026\/02\/Cross-Belt-Sorter-Vertical.webp&#8221; alt=&#8221;cross belt sorter vertical&#8221; title_text=&#8221;cross belt sorter vertical&#8221; _builder_version=&#8221;4.27.5&#8243; _module_preset=&#8221;default&#8221; custom_margin=&#8221;||0px||false|false&#8221; border_radii=&#8221;on|5px|5px|5px|5px&#8221; locked=&#8221;off&#8221; global_colors_info=&#8221;{}&#8221;][\/et_pb_image][et_pb_blurb title=&#8221;Narrow Belt&#8221; url_new_window=&#8221;on&#8221; module_class=&#8221;btn-services-blurb&#8221; _builder_version=&#8221;4.27.5&#8243; _module_preset=&#8221;default&#8221; header_font=&#8221;|600|||||||&#8221; header_font_size=&#8221;19px&#8221; header_line_height=&#8221;1.2em&#8221; body_font_size=&#8221;15px&#8221; background_color=&#8221;#ffffff&#8221; min_height=&#8221;233px&#8221; min_height_tablet=&#8221;auto&#8221; min_height_phone=&#8221;&#8221; min_height_last_edited=&#8221;on|tablet&#8221; custom_margin=&#8221;-50px|11px||11px|false|false&#8221; custom_padding=&#8221;30px|30px|0px|30px|false|false&#8221; link_option_url_new_window=&#8221;on&#8221; custom_css_main_element=&#8221;font-weight:400;&#8221; border_color_all_image=&#8221;#161A6B&#8221; box_shadow_style=&#8221;preset1&#8243; box_shadow_vertical=&#8221;5px&#8221; box_shadow_blur=&#8221;60px&#8221; box_shadow_color=&#8221;rgba(40,40,40,0.1)&#8221; locked=&#8221;off&#8221; global_colors_info=&#8221;{}&#8221;]<\/p>\n<p>Narrow Belt poate gestiona p\u00e2n\u0103 la 9.000 de colete\/or\u0103, av\u00e2nd un design compact, vitez\u0103 de 2 m\/s \u0219i capacitate de p\u00e2n\u0103 la 60 kg.<\/p>\n<p>[\/et_pb_blurb][et_pb_button button_url=&#8221;@ET-DC@eyJkeW5hbWljIjp0cnVlLCJjb250ZW50IjoicG9zdF9saW5rX3VybF9wYWdlIiwic2V0dGluZ3MiOnsicG9zdF9pZCI6IjI5OTE5In19@&#8221; url_new_window=&#8221;on&#8221; button_text=&#8221;Zie Narrow Belt&#8221; button_alignment=&#8221;center&#8221; _builder_version=&#8221;4.27.5&#8243; _dynamic_attributes=&#8221;button_url&#8221; _module_preset=&#8221;default&#8221; custom_button=&#8221;on&#8221; button_text_size=&#8221;15px&#8221; button_text_color=&#8221;#161A6B&#8221; locked=&#8221;off&#8221; global_colors_info=&#8221;{}&#8221;][\/et_pb_button][\/et_pb_column][et_pb_column type=&#8221;1_4&#8243; _builder_version=&#8221;4.16&#8243; _module_preset=&#8221;default&#8221; global_colors_info=&#8221;{}&#8221;][et_pb_image src=&#8221;https:\/\/isitec-international.com\/wp-content\/uploads\/2026\/02\/Cross-Belt-Sorter-Horizontal.webp&#8221; alt=&#8221;cross belt sorter horizontal&#8221; title_text=&#8221;cross belt sorter horizontal&#8221; _builder_version=&#8221;4.27.5&#8243; _module_preset=&#8221;default&#8221; custom_margin=&#8221;||0px||false|false&#8221; border_radii=&#8221;on|5px|5px|5px|5px&#8221; locked=&#8221;off&#8221; global_colors_info=&#8221;{}&#8221;][\/et_pb_image][et_pb_blurb title=&#8221;Cross Belt&#8221; url_new_window=&#8221;on&#8221; alt=&#8221;isisort + wheel sorter&#8221; module_class=&#8221;btn-services-blurb&#8221; _builder_version=&#8221;4.27.5&#8243; _module_preset=&#8221;default&#8221; header_font=&#8221;|600|||||||&#8221; header_font_size=&#8221;19px&#8221; header_line_height=&#8221;1.2em&#8221; body_font_size=&#8221;15px&#8221; background_color=&#8221;#ffffff&#8221; min_height=&#8221;233px&#8221; min_height_tablet=&#8221;auto&#8221; min_height_phone=&#8221;&#8221; min_height_last_edited=&#8221;on|tablet&#8221; custom_margin=&#8221;-50px|11px||11px|false|false&#8221; custom_padding=&#8221;30px|30px|0px|30px|false|false&#8221; custom_css_main_element=&#8221;font-weight:400;&#8221; box_shadow_style=&#8221;preset1&#8243; box_shadow_vertical=&#8221;5px&#8221; box_shadow_blur=&#8221;60px&#8221; box_shadow_color=&#8221;rgba(40,40,40,0.1)&#8221; locked=&#8221;off&#8221; global_colors_info=&#8221;{}&#8221;]<\/p>\n<p>Poate livra p\u00e2n\u0103 la 36.000 de colete\/or\u0103, asigur\u00e2nd manipulare precis\u0103 \u0219i delicat\u0103 pentru hub-uri de e\u2011commerce \u0219i po\u0219tale.<\/p>\n<p>[\/et_pb_blurb][et_pb_button button_url=&#8221;@ET-DC@eyJkeW5hbWljIjp0cnVlLCJjb250ZW50IjoicG9zdF9saW5rX3VybF9wYWdlIiwic2V0dGluZ3MiOnsicG9zdF9pZCI6IjI5ODc3In19@&#8221; url_new_window=&#8221;on&#8221; button_text=&#8221;Zie Cross Belt&#8221; button_alignment=&#8221;center&#8221; _builder_version=&#8221;4.27.5&#8243; _dynamic_attributes=&#8221;button_url&#8221; _module_preset=&#8221;default&#8221; custom_button=&#8221;on&#8221; button_text_size=&#8221;15px&#8221; button_text_color=&#8221;#161A6B&#8221; locked=&#8221;off&#8221; global_colors_info=&#8221;{}&#8221;][\/et_pb_button][\/et_pb_column][\/et_pb_row][et_pb_row column_structure=&#8221;1_4,1_4,1_4,1_4&#8243; use_custom_gutter=&#8221;on&#8221; gutter_width=&#8221;2&#8243; _builder_version=&#8221;4.16&#8243; _module_preset=&#8221;default&#8221; custom_margin=&#8221;24px|auto||auto||&#8221; custom_padding=&#8221;3px|||||&#8221; animation_style=&#8221;slide&#8221; animation_direction=&#8221;bottom&#8221; animation_intensity_slide=&#8221;10%&#8221; saved_tabs=&#8221;all&#8221; locked=&#8221;off&#8221; global_colors_info=&#8221;{}&#8221;][et_pb_column type=&#8221;1_4&#8243; _builder_version=&#8221;4.16&#8243; _module_preset=&#8221;default&#8221; global_colors_info=&#8221;{}&#8221;][et_pb_image src=&#8221;https:\/\/isitec-international.com\/wp-content\/uploads\/2025\/04\/SINGULATOR.webp&#8221; alt=&#8221;singulator&#8221; title_text=&#8221;singulator&#8221; url_new_window=&#8221;on&#8221; _builder_version=&#8221;4.27.5&#8243; _module_preset=&#8221;default&#8221; background_color=&#8221;#ffffff&#8221; custom_margin=&#8221;||0px||false|false&#8221; border_radii=&#8221;on|5px|5px|5px|5px&#8221; locked=&#8221;off&#8221; global_colors_info=&#8221;{}&#8221;][\/et_pb_image][et_pb_blurb title=&#8221;PARCEL SINGULATOR&#8221; module_class=&#8221;btn-services-blurb&#8221; _builder_version=&#8221;4.27.5&#8243; _module_preset=&#8221;default&#8221; header_font=&#8221;|600|||||||&#8221; header_font_size=&#8221;19px&#8221; header_line_height=&#8221;1.2em&#8221; body_font_size=&#8221;15px&#8221; background_color=&#8221;#ffffff&#8221; min_height=&#8221;233px&#8221; min_height_tablet=&#8221;auto&#8221; min_height_phone=&#8221;&#8221; min_height_last_edited=&#8221;on|tablet&#8221; custom_margin=&#8221;-50px|11px||11px|false|false&#8221; custom_padding=&#8221;30px|30px|0px|30px|false|false&#8221; custom_css_main_element=&#8221;font-weight:400;&#8221; box_shadow_style=&#8221;preset1&#8243; box_shadow_vertical=&#8221;5px&#8221; box_shadow_blur=&#8221;60px&#8221; box_shadow_color=&#8221;rgba(40,40,40,0.1)&#8221; locked=&#8221;off&#8221; global_colors_info=&#8221;{}&#8221;]<\/p>\n<p>O solu\u021bie avansat\u0103 de automatizare, proiectat\u0103 pentru hub-uri logistice, depozite \u0219i centre de distribu\u021bie.<\/p>\n<p>[\/et_pb_blurb][et_pb_button button_url=&#8221;@ET-DC@eyJkeW5hbWljIjp0cnVlLCJjb250ZW50IjoicG9zdF9saW5rX3VybF9wYWdlIiwic2V0dGluZ3MiOnsicG9zdF9pZCI6IjI0MjQwIn19@&#8221; url_new_window=&#8221;on&#8221; button_text=&#8221;Zie Singulator&#8221; button_alignment=&#8221;center&#8221; _builder_version=&#8221;4.27.4&#8243; _dynamic_attributes=&#8221;button_url&#8221; _module_preset=&#8221;default&#8221; custom_button=&#8221;on&#8221; button_text_size=&#8221;15px&#8221; button_text_color=&#8221;#161A6B&#8221; locked=&#8221;off&#8221; global_colors_info=&#8221;{}&#8221;][\/et_pb_button][\/et_pb_column][et_pb_column type=&#8221;1_4&#8243; _builder_version=&#8221;4.16&#8243; _module_preset=&#8221;default&#8221; global_colors_info=&#8221;{}&#8221;][et_pb_image src=&#8221;https:\/\/isitec-international.com\/wp-content\/uploads\/2025\/04\/ISIWALL-2D.webp&#8221; alt=&#8221;isiwall 2d&#8221; title_text=&#8221;isiwall 2d&#8221; _builder_version=&#8221;4.27.5&#8243; _module_preset=&#8221;default&#8221; custom_margin=&#8221;||0px||false|false&#8221; border_radii=&#8221;on|5px|5px|5px|5px&#8221; locked=&#8221;off&#8221; global_colors_info=&#8221;{}&#8221;][\/et_pb_image][et_pb_blurb title=&#8221;ISIWALL 2D&#8221; url_new_window=&#8221;on&#8221; module_class=&#8221;btn-services-blurb&#8221; _builder_version=&#8221;4.27.5&#8243; _module_preset=&#8221;default&#8221; header_font=&#8221;|600|||||||&#8221; header_font_size=&#8221;19px&#8221; header_line_height=&#8221;1.2em&#8221; body_font_size=&#8221;15px&#8221; background_color=&#8221;#ffffff&#8221; min_height=&#8221;233px&#8221; min_height_tablet=&#8221;auto&#8221; min_height_phone=&#8221;&#8221; min_height_last_edited=&#8221;on|tablet&#8221; custom_margin=&#8221;-50px|11px||11px|false|false&#8221; custom_padding=&#8221;30px|30px|0px|30px|false|false&#8221; link_option_url_new_window=&#8221;on&#8221; custom_css_main_element=&#8221;font-weight:400;&#8221; border_color_all_image=&#8221;#161A6B&#8221; box_shadow_style=&#8221;preset1&#8243; box_shadow_vertical=&#8221;5px&#8221; box_shadow_blur=&#8221;60px&#8221; box_shadow_color=&#8221;rgba(40,40,40,0.1)&#8221; locked=&#8221;off&#8221; global_colors_info=&#8221;{}&#8221;]<\/p>\n<p>ISIWALL 2D asigur\u0103 sortare automat\u0103 \u0219i fluid\u0103 pentru colete de toate formele \u0219i dimensiunile.<\/p>\n<p>[\/et_pb_blurb][et_pb_button button_url=&#8221;@ET-DC@eyJkeW5hbWljIjp0cnVlLCJjb250ZW50IjoicG9zdF9saW5rX3VybF9wYWdlIiwic2V0dGluZ3MiOnsicG9zdF9pZCI6IjI0NDY4In19@&#8221; url_new_window=&#8221;on&#8221; button_text=&#8221;Zie ISIWALL 2D&#8221; button_alignment=&#8221;center&#8221; _builder_version=&#8221;4.27.4&#8243; _dynamic_attributes=&#8221;button_url&#8221; _module_preset=&#8221;default&#8221; custom_button=&#8221;on&#8221; button_text_size=&#8221;15px&#8221; button_text_color=&#8221;#161A6B&#8221; locked=&#8221;off&#8221; global_colors_info=&#8221;{}&#8221;][\/et_pb_button][\/et_pb_column][et_pb_column type=&#8221;1_4&#8243; _builder_version=&#8221;4.16&#8243; _module_preset=&#8221;default&#8221; global_colors_info=&#8221;{}&#8221;][et_pb_image src=&#8221;https:\/\/isitec-international.com\/wp-content\/uploads\/2025\/08\/isiwall-3D.avif&#8221; alt=&#8221;AUTOMATED PUTWALL SORTER&#8221; title_text=&#8221;isiwall 3d- AUTOMATED PUTWALL SORTER&#8221; _builder_version=&#8221;4.27.5&#8243; _module_preset=&#8221;default&#8221; custom_margin=&#8221;||0px||false|false&#8221; border_radii=&#8221;on|5px|5px|5px|5px&#8221; locked=&#8221;off&#8221; global_colors_info=&#8221;{}&#8221;][\/et_pb_image][et_pb_blurb title=&#8221;ISIWALL 3D&#8221; url_new_window=&#8221;on&#8221; alt=&#8221;isisort + wheel sorter&#8221; module_class=&#8221;btn-services-blurb&#8221; _builder_version=&#8221;4.27.5&#8243; _module_preset=&#8221;default&#8221; header_font=&#8221;|600|||||||&#8221; header_font_size=&#8221;19px&#8221; header_line_height=&#8221;1.2em&#8221; body_font_size=&#8221;15px&#8221; background_color=&#8221;#ffffff&#8221; min_height=&#8221;233px&#8221; min_height_tablet=&#8221;auto&#8221; min_height_phone=&#8221;&#8221; min_height_last_edited=&#8221;on|tablet&#8221; custom_margin=&#8221;-50px|11px||11px|false|false&#8221; custom_padding=&#8221;30px|30px|0px|30px|false|false&#8221; custom_css_main_element=&#8221;font-weight:400;&#8221; box_shadow_style=&#8221;preset1&#8243; box_shadow_vertical=&#8221;5px&#8221; box_shadow_blur=&#8221;60px&#8221; box_shadow_color=&#8221;rgba(40,40,40,0.1)&#8221; locked=&#8221;off&#8221; global_colors_info=&#8221;{}&#8221;]<\/p>\n<p>Automated Putwall Sorter este un dispozitiv automat de sortare tridimensional, conceput pentru scenarii cu multiple categorii \u0219i fluxuri.<\/p>\n<p>[\/et_pb_blurb][et_pb_button button_url=&#8221;@ET-DC@eyJkeW5hbWljIjp0cnVlLCJjb250ZW50IjoicG9zdF9saW5rX3VybF9wYWdlIiwic2V0dGluZ3MiOnsicG9zdF9pZCI6IjI0NTM3In19@&#8221; url_new_window=&#8221;on&#8221; button_text=&#8221;Zie ISIWALL 3D&#8221; button_alignment=&#8221;center&#8221; _builder_version=&#8221;4.27.4&#8243; _dynamic_attributes=&#8221;button_url&#8221; _module_preset=&#8221;default&#8221; custom_button=&#8221;on&#8221; button_text_size=&#8221;15px&#8221; button_text_color=&#8221;#161A6B&#8221; locked=&#8221;off&#8221; global_colors_info=&#8221;{}&#8221;][\/et_pb_button][\/et_pb_column][et_pb_column type=&#8221;1_4&#8243; _builder_version=&#8221;4.16&#8243; _module_preset=&#8221;default&#8221; global_colors_info=&#8221;{}&#8221;][et_pb_image src=&#8221;https:\/\/isitec-international.com\/wp-content\/uploads\/2026\/02\/AGV-Hyperleap.png&#8221; alt=&#8221;agv hyperleap&#8221; title_text=&#8221;agv hyperleap&#8221; _builder_version=&#8221;4.27.5&#8243; _module_preset=&#8221;default&#8221; background_color=&#8221;#ffffff&#8221; custom_margin=&#8221;||0px||false|false&#8221; border_radii=&#8221;on|5px|5px|5px|5px&#8221; locked=&#8221;off&#8221; global_colors_info=&#8221;{}&#8221;][\/et_pb_image][et_pb_blurb title=&#8221;AGV sorter&#8221; module_class=&#8221;btn-services-blurb&#8221; _builder_version=&#8221;4.27.5&#8243; _module_preset=&#8221;default&#8221; header_font=&#8221;|600|||||||&#8221; header_font_size=&#8221;19px&#8221; header_line_height=&#8221;1.2em&#8221; body_font_size=&#8221;15px&#8221; background_color=&#8221;#ffffff&#8221; min_height=&#8221;233px&#8221; min_height_tablet=&#8221;auto&#8221; min_height_phone=&#8221;&#8221; min_height_last_edited=&#8221;on|tablet&#8221; custom_margin=&#8221;-50px|11px||11px|false|false&#8221; custom_padding=&#8221;30px|30px|0px|30px|false|false&#8221; custom_css_main_element=&#8221;font-weight:400;&#8221; box_shadow_style=&#8221;preset1&#8243; box_shadow_vertical=&#8221;5px&#8221; box_shadow_blur=&#8221;60px&#8221; box_shadow_color=&#8221;rgba(40,40,40,0.1)&#8221; locked=&#8221;off&#8221; global_colors_info=&#8221;{}&#8221;]<\/p>\n<p>Robot inteligent \u0219i scalabil pentru sortarea coletelor. Sistem robotic de sortare flexibil, implementare rapid\u0103 \u0219i ROI optimizat.<\/p>\n<p>[\/et_pb_blurb][et_pb_button button_url=&#8221;@ET-DC@eyJkeW5hbWljIjp0cnVlLCJjb250ZW50IjoicG9zdF9saW5rX3VybF9wYWdlIiwic2V0dGluZ3MiOnsicG9zdF9pZCI6IjI5OTY4In19@&#8221; url_new_window=&#8221;on&#8221; button_text=&#8221;Zie AGV Sorter &#8221; button_alignment=&#8221;center&#8221; _builder_version=&#8221;4.27.5&#8243; _dynamic_attributes=&#8221;button_url&#8221; _module_preset=&#8221;default&#8221; custom_button=&#8221;on&#8221; button_text_size=&#8221;15px&#8221; button_text_color=&#8221;#161A6B&#8221; locked=&#8221;off&#8221; global_colors_info=&#8221;{}&#8221;][\/et_pb_button][\/et_pb_column][\/et_pb_row][\/et_pb_section]<\/p>\n","protected":false},"excerpt":{"rendered":"<p>Sortarea coletelor<nav  aria-label=\"breadcrumb\"><ol class=\"breadcrumb\"><li class=\"breadcrumb-item active\" aria-current=\"page\"><span>Home<\/span><\/li><\/ol><\/nav> \u00a0Solu\u021biile noastre de sortare a coletelorO solu\u021bie de sortare pneumatic\u0103, u\u0219or de integrat, ideal\u0103 pentru scrisori \u0219i colete mici.O solu\u021bie modular\u0103 de sortare de tip \u00abwheel sorter\u00bb, potrivit\u0103 pentru medii flexibile cu capacitate mare de procesare.Narrow Belt poate gestiona p\u00e2n\u0103 la 9.000 de colete\/or\u0103, av\u00e2nd un design compact, vitez\u0103 de 2 m\/s \u0219i [&hellip;]<\/p>\n","protected":false},"author":7,"featured_media":0,"parent":0,"menu_order":0,"comment_status":"closed","ping_status":"closed","template":"","meta":{"_seopress_robots_primary_cat":"","_seopress_titles_title":"Sortare colete | Produse | Isitec International","_seopress_titles_desc":"Solu\u021biile noastre pentru sortarea coletelor: sortare cu vehicul ghidat automat, Isisort \u0219i Isisort+.","_seopress_robots_index":"","_et_pb_use_builder":"on","_et_pb_old_content":"","_et_gb_content_width":"","footnotes":""},"class_list":["post-30278","page","type-page","status-publish","hentry"],"_links":{"self":[{"href":"https:\/\/isitec-international.com\/ro\/wp-json\/wp\/v2\/pages\/30278","targetHints":{"allow":["GET"]}}],"collection":[{"href":"https:\/\/isitec-international.com\/ro\/wp-json\/wp\/v2\/pages"}],"about":[{"href":"https:\/\/isitec-international.com\/ro\/wp-json\/wp\/v2\/types\/page"}],"author":[{"embeddable":true,"href":"https:\/\/isitec-international.com\/ro\/wp-json\/wp\/v2\/users\/7"}],"replies":[{"embeddable":true,"href":"https:\/\/isitec-international.com\/ro\/wp-json\/wp\/v2\/comments?post=30278"}],"version-history":[{"count":2,"href":"https:\/\/isitec-international.com\/ro\/wp-json\/wp\/v2\/pages\/30278\/revisions"}],"predecessor-version":[{"id":30280,"href":"https:\/\/isitec-international.com\/ro\/wp-json\/wp\/v2\/pages\/30278\/revisions\/30280"}],"wp:attachment":[{"href":"https:\/\/isitec-international.com\/ro\/wp-json\/wp\/v2\/media?parent=30278"}],"curies":[{"name":"wp","href":"https:\/\/api.w.org\/{rel}","templated":true}]}}