{"id":4375,"date":"2021-04-29T11:53:26","date_gmt":"2021-04-29T09:53:26","guid":{"rendered":"https:\/\/www.isitec-international.com\/produits\/agv\/"},"modified":"2021-05-06T08:43:29","modified_gmt":"2021-05-06T06:43:29","slug":"agv","status":"publish","type":"page","link":"https:\/\/isitec-international.com\/fr\/produits\/agv\/","title":{"rendered":"AGV"},"content":{"rendered":"","protected":false},"excerpt":{"rendered":"","protected":false},"author":1,"featured_media":0,"parent":4007,"menu_order":91,"comment_status":"closed","ping_status":"closed","template":"","meta":{"_seopress_robots_primary_cat":"","_seopress_titles_title":"AGV | Isitec International","_seopress_titles_desc":"L'AGV est un v\u00e9hicule autonome pour l'industrie, d\u00e9di\u00e9 \u00e0 l'automatisation et \u00e0 l'optimisation des flux logistiques d'un entrep\u00f4t.","_seopress_robots_index":"","_et_pb_use_builder":"on","_et_pb_old_content":"","_et_gb_content_width":"","footnotes":""},"class_list":["post-4375","page","type-page","status-publish","hentry"],"_links":{"self":[{"href":"https:\/\/isitec-international.com\/fr\/wp-json\/wp\/v2\/pages\/4375","targetHints":{"allow":["GET"]}}],"collection":[{"href":"https:\/\/isitec-international.com\/fr\/wp-json\/wp\/v2\/pages"}],"about":[{"href":"https:\/\/isitec-international.com\/fr\/wp-json\/wp\/v2\/types\/page"}],"author":[{"embeddable":true,"href":"https:\/\/isitec-international.com\/fr\/wp-json\/wp\/v2\/users\/1"}],"replies":[{"embeddable":true,"href":"https:\/\/isitec-international.com\/fr\/wp-json\/wp\/v2\/comments?post=4375"}],"version-history":[{"count":0,"href":"https:\/\/isitec-international.com\/fr\/wp-json\/wp\/v2\/pages\/4375\/revisions"}],"up":[{"embeddable":true,"href":"https:\/\/isitec-international.com\/fr\/wp-json\/wp\/v2\/pages\/4007"}],"wp:attachment":[{"href":"https:\/\/isitec-international.com\/fr\/wp-json\/wp\/v2\/media?parent=4375"}],"curies":[{"name":"wp","href":"https:\/\/api.w.org\/{rel}","templated":true}]}}