{"id":19528,"date":"2024-01-19T10:22:02","date_gmt":"2024-01-19T09:22:02","guid":{"rendered":"https:\/\/isitec-international.com\/merci-davoir-demande-une-demo\/"},"modified":"2024-01-19T10:22:05","modified_gmt":"2024-01-19T09:22:05","slug":"merci-davoir-demande-une-demo","status":"publish","type":"page","link":"https:\/\/isitec-international.com\/fr\/merci-davoir-demande-une-demo\/","title":{"rendered":"Merci d&#8217;avoir demand\u00e9 une d\u00e9mo"},"content":{"rendered":"<p>[et_pb_section fb_built=&#8221;1&#8243; custom_padding_last_edited=&#8221;on|phone&#8221; _builder_version=&#8221;4.14.5&#8243; _module_preset=&#8221;default&#8221; background_color=&#8221;rgba(10,8,8,0.3)&#8221; background_image=&#8221;https:\/\/isitec-international.com\/wp-content\/uploads\/2021\/01\/isitec-order-picking-stock-2.jpg&#8221; background_blend=&#8221;darken&#8221; custom_padding=&#8221;12vh||12vh||true|false&#8221; custom_padding_tablet=&#8221;&#8221; custom_padding_phone=&#8221;10vh||10vh||true|false&#8221; da_disable_devices=&#8221;off|off|off&#8221; global_colors_info=&#8221;{}&#8221; theme_builder_area=&#8221;post_content&#8221; da_is_popup=&#8221;off&#8221; da_exit_intent=&#8221;off&#8221; da_has_close=&#8221;on&#8221; da_alt_close=&#8221;off&#8221; da_dark_close=&#8221;off&#8221; da_not_modal=&#8221;on&#8221; da_is_singular=&#8221;off&#8221; da_with_loader=&#8221;off&#8221; da_has_shadow=&#8221;on&#8221;][et_pb_row _builder_version=&#8221;4.7.7&#8243; _module_preset=&#8221;default&#8221; animation_style=&#8221;slide&#8221; animation_direction=&#8221;bottom&#8221; animation_intensity_slide=&#8221;10%&#8221; global_colors_info=&#8221;{}&#8221; theme_builder_area=&#8221;post_content&#8221;][et_pb_column type=&#8221;4_4&#8243; _builder_version=&#8221;4.7.7&#8243; _module_preset=&#8221;default&#8221; global_colors_info=&#8221;{}&#8221; theme_builder_area=&#8221;post_content&#8221;][et_pb_text _builder_version=&#8221;4.14.5&#8243; _module_preset=&#8221;default&#8221; text_text_color=&#8221;#ffffff&#8221; text_font_size=&#8221;14px&#8221; header_font=&#8221;Poppins|600|||||||&#8221; header_text_color=&#8221;#ffffff&#8221; header_font_size=&#8221;52px&#8221; header_line_height=&#8221;1.3em&#8221; header_2_text_align=&#8221;center&#8221; header_2_text_color=&#8221;#ffffff&#8221; header_2_line_height=&#8221;1.4em&#8221; hover_enabled=&#8221;0&#8243; text_font_size_tablet=&#8221;&#8221; text_font_size_phone=&#8221;15px&#8221; text_font_size_last_edited=&#8221;on|phone&#8221; header_font_size_tablet=&#8221;&#8221; header_font_size_phone=&#8221;42px&#8221; header_font_size_last_edited=&#8221;on|phone&#8221; header_line_height_tablet=&#8221;&#8221; header_line_height_phone=&#8221;1.4em&#8221; header_line_height_last_edited=&#8221;on|phone&#8221; header_2_font_size_tablet=&#8221;&#8221; header_2_font_size_phone=&#8221;21px&#8221; header_2_font_size_last_edited=&#8221;on|phone&#8221; custom_css_main_element=&#8221;font-weight:400;&#8221; global_colors_info=&#8221;{}&#8221; theme_builder_area=&#8221;post_content&#8221; sticky_enabled=&#8221;0&#8243;]<\/p>\n<h1 style=\"text-align: center;\">Merci d&#8217;avoir demand\u00e9 une d\u00e9mo<\/h1>\n<h2>Nous reviendrons vers vous rapidement<\/h2>\n<p>[\/et_pb_text][\/et_pb_column][\/et_pb_row][\/et_pb_section][et_pb_section fb_built=&#8221;1&#8243; _builder_version=&#8221;4.8.1&#8243; _module_preset=&#8221;default&#8221; custom_padding=&#8221;80px||80px||true|&#8221; da_disable_devices=&#8221;off|off|off&#8221; global_colors_info=&#8221;{}&#8221; theme_builder_area=&#8221;post_content&#8221; da_is_popup=&#8221;off&#8221; da_exit_intent=&#8221;off&#8221; da_has_close=&#8221;on&#8221; da_alt_close=&#8221;off&#8221; da_dark_close=&#8221;off&#8221; da_not_modal=&#8221;on&#8221; da_is_singular=&#8221;off&#8221; da_with_loader=&#8221;off&#8221; da_has_shadow=&#8221;on&#8221;][et_pb_row column_structure=&#8221;1_2,1_2&#8243; _builder_version=&#8221;4.7.7&#8243; _module_preset=&#8221;default&#8221; custom_padding=&#8221;0px|||||&#8221; animation_style=&#8221;slide&#8221; animation_direction=&#8221;bottom&#8221; animation_intensity_slide=&#8221;10%&#8221; global_colors_info=&#8221;{}&#8221; theme_builder_area=&#8221;post_content&#8221;][et_pb_column type=&#8221;1_2&#8243; _builder_version=&#8221;4.7.7&#8243; _module_preset=&#8221;default&#8221; global_colors_info=&#8221;{}&#8221; theme_builder_area=&#8221;post_content&#8221;][et_pb_text _builder_version=&#8221;4.9.0&#8243; _module_preset=&#8221;default&#8221; header_2_font=&#8221;Poppins|600|||||||&#8221; header_2_text_color=&#8221;#161a6b&#8221; header_2_font_size=&#8221;36px&#8221; header_2_line_height=&#8221;1.4em&#8221; custom_margin_tablet=&#8221;||0px||false|false&#8221; custom_margin_phone=&#8221;&#8221; custom_margin_last_edited=&#8221;on|tablet&#8221; header_2_font_size_tablet=&#8221;30px&#8221; header_2_font_size_phone=&#8221;28px&#8221; header_2_font_size_last_edited=&#8221;on|tablet&#8221; global_colors_info=&#8221;{}&#8221; header_2_2_font_size_tablet=&#8221;30px&#8221; header_3_2_font_size_tablet=&#8221;30px&#8221; header_4_2_font_size_tablet=&#8221;30px&#8221; header_5_2_font_size_tablet=&#8221;30px&#8221; header_6_2_font_size_tablet=&#8221;30px&#8221; header_2_2_font_size_phone=&#8221;28px&#8221; header_3_2_font_size_phone=&#8221;28px&#8221; header_4_2_font_size_phone=&#8221;28px&#8221; header_5_2_font_size_phone=&#8221;28px&#8221; header_6_2_font_size_phone=&#8221;28px&#8221; header_2_2_font_size_last_edited=&#8221;on|tablet&#8221; header_3_2_font_size_last_edited=&#8221;on|tablet&#8221; header_4_2_font_size_last_edited=&#8221;on|tablet&#8221; header_5_2_font_size_last_edited=&#8221;on|tablet&#8221; header_6_2_font_size_last_edited=&#8221;on|tablet&#8221; theme_builder_area=&#8221;post_content&#8221;]<\/p>\n<h2>Isitec International, un acc\u00e9l\u00e9rateur cl\u00e9 pour le d\u00e9veloppement<\/h2>\n<p>[\/et_pb_text][\/et_pb_column][et_pb_column type=&#8221;1_2&#8243; _builder_version=&#8221;4.7.7&#8243; _module_preset=&#8221;default&#8221; global_colors_info=&#8221;{}&#8221; theme_builder_area=&#8221;post_content&#8221;][\/et_pb_column][\/et_pb_row][et_pb_row column_structure=&#8221;1_3,1_3,1_3&#8243; use_custom_gutter=&#8221;on&#8221; gutter_width=&#8221;2&#8243; make_equal=&#8221;on&#8221; module_class=&#8221;home-services&#8221; _builder_version=&#8221;4.8.1&#8243; _module_preset=&#8221;default&#8221; custom_margin=&#8221;20px||||false|false&#8221; custom_padding=&#8221;0px||0px|||&#8221; animation_style=&#8221;slide&#8221; animation_direction=&#8221;bottom&#8221; animation_intensity_slide=&#8221;10%&#8221; global_colors_info=&#8221;{}&#8221; theme_builder_area=&#8221;post_content&#8221;][et_pb_column type=&#8221;1_3&#8243; _builder_version=&#8221;4.8.1&#8243; _module_preset=&#8221;default&#8221; background_color=&#8221;#ffffff&#8221; custom_padding=&#8221;40px|35px|40px|35px|true|true&#8221; border_color_right=&#8221;#f2f2f2&#8243; box_shadow_style=&#8221;preset1&#8243; box_shadow_vertical=&#8221;5px&#8221; box_shadow_blur=&#8221;60px&#8221; box_shadow_color=&#8221;rgba(40,40,40,0.1)&#8221; global_colors_info=&#8221;{}&#8221; theme_builder_area=&#8221;post_content&#8221;][et_pb_blurb title=&#8221;Service logistique&#8221; url=&#8221;https:\/\/www.isitec-international.com\/fr\/secteurs\/services-logistiques\/&#8221; image=&#8221;https:\/\/isitec-international.com\/wp-content\/uploads\/2021\/01\/isitec-international-icon-logistic-services-2.png&#8221; icon_alignment=&#8221;left&#8221; _builder_version=&#8221;4.13.0&#8243; _module_preset=&#8221;default&#8221; header_level=&#8221;h3&#8243; header_font=&#8221;Poppins|600|||||||&#8221; header_text_color=&#8221;#161a6b&#8221; header_font_size=&#8221;23px&#8221; header_line_height=&#8221;1.5em&#8221; body_text_color=&#8221;#666666&#8243; body_font_size=&#8221;15px&#8221; body_line_height=&#8221;2em&#8221; body_link_text_color=&#8221;#f96f5d&#8221; link_option_url=&#8221;https:\/\/www.isitec-international.com\/fr\/secteurs\/services-logistiques\/&#8221; custom_css_blurb_image=&#8221;margin-bottom:20px;&#8221; custom_css_blurb_content=&#8221;font-weight:400;&#8221; border_radii=&#8221;on|3px|3px|3px|3px&#8221; global_colors_info=&#8221;{}&#8221; theme_builder_area=&#8221;post_content&#8221;]<\/p>\n<p>Fabrication, transport, distribution, support&#8230;. pour tout c\u0153ur de m\u00e9tier, chez Isitec International nous concevons des solutions pour optimiser la gestion des flux logistiques de votre entreprise.<br \/><a style=\"text-decoration: underline;\" href=\"https:\/\/isitec-international.com\/fr\/secteurs\/services-logistiques\/\">En savoir plus<\/a><\/p>\n<p>[\/et_pb_blurb][\/et_pb_column][et_pb_column type=&#8221;1_3&#8243; _builder_version=&#8221;4.7.7&#8243; _module_preset=&#8221;default&#8221; background_color=&#8221;#ffffff&#8221; custom_padding=&#8221;40px|35px|40px|35px|true|true&#8221; border_color_right=&#8221;#f2f2f2&#8243; box_shadow_style=&#8221;preset1&#8243; box_shadow_vertical=&#8221;5px&#8221; box_shadow_blur=&#8221;60px&#8221; box_shadow_color=&#8221;rgba(40,40,40,0.1)&#8221; global_colors_info=&#8221;{}&#8221; theme_builder_area=&#8221;post_content&#8221;][et_pb_blurb title=&#8221;Industrie Manufacturi\u00e8re&#8221; url=&#8221;https:\/\/www.isitec-international.com\/fr\/secteurs\/industrie-manufacturiere\/&#8221; image=&#8221;https:\/\/isitec-international.com\/wp-content\/uploads\/2021\/01\/isitec-international-icon-industry-and-manufacturing.png&#8221; icon_alignment=&#8221;left&#8221; _builder_version=&#8221;4.13.0&#8243; _module_preset=&#8221;default&#8221; header_level=&#8221;h3&#8243; header_font=&#8221;Poppins|600|||||||&#8221; header_text_color=&#8221;#161a6b&#8221; header_font_size=&#8221;23px&#8221; header_line_height=&#8221;1.5em&#8221; body_text_color=&#8221;#666666&#8243; body_font_size=&#8221;15px&#8221; body_line_height=&#8221;2em&#8221; body_link_text_color=&#8221;#f96f5d&#8221; link_option_url=&#8221;https:\/\/www.isitec-international.com\/fr\/secteurs\/industrie-manufacturiere\/&#8221; custom_css_blurb_image=&#8221;margin-bottom:20px;&#8221; custom_css_blurb_content=&#8221;font-weight:400;&#8221; border_radii=&#8221;on|3px|3px|3px|3px&#8221; global_colors_info=&#8221;{}&#8221; theme_builder_area=&#8221;post_content&#8221;]<\/p>\n<p>Les industries alimentaire, textile, chimique, pharmaceutique, m\u00e9tallurgique et papeti\u00e8re ont un point commun : la n\u00e9cessit\u00e9 d&#8217;optimiser la gestion des flux pour atteindre une rentabilit\u00e9 maximale. <a style=\"text-decoration: underline;\" href=\"https:\/\/isitec-international.com\/fr\/secteurs\/industrie-manufacturiere\/\">En savoir plus<\/a><\/p>\n<p>[\/et_pb_blurb][\/et_pb_column][et_pb_column type=&#8221;1_3&#8243; _builder_version=&#8221;4.7.7&#8243; _module_preset=&#8221;default&#8221; background_color=&#8221;#ffffff&#8221; custom_padding=&#8221;40px|35px|40px|35px|true|true&#8221; box_shadow_style=&#8221;preset1&#8243; box_shadow_vertical=&#8221;5px&#8221; box_shadow_blur=&#8221;60px&#8221; box_shadow_color=&#8221;rgba(40,40,40,0.1)&#8221; global_colors_info=&#8221;{}&#8221; theme_builder_area=&#8221;post_content&#8221;][et_pb_blurb title=&#8221;Industrie postale&#8221; url=&#8221;https:\/\/www.isitec-international.com\/fr\/secteurs\/organisation-postale\/&#8221; image=&#8221;https:\/\/isitec-international.com\/wp-content\/uploads\/2021\/01\/isitec-international-icon-postal-services.png&#8221; icon_alignment=&#8221;left&#8221; _builder_version=&#8221;4.13.0&#8243; _module_preset=&#8221;default&#8221; header_level=&#8221;h3&#8243; header_font=&#8221;Poppins|600|||||||&#8221; header_text_color=&#8221;#161a6b&#8221; header_font_size=&#8221;23px&#8221; header_line_height=&#8221;1.5em&#8221; body_text_color=&#8221;#666666&#8243; body_font_size=&#8221;15px&#8221; body_line_height=&#8221;2em&#8221; body_link_text_color=&#8221;#f96f5d&#8221; link_option_url=&#8221;https:\/\/www.isitec-international.com\/fr\/secteurs\/organisation-postale\/&#8221; custom_css_blurb_image=&#8221;margin-bottom:20px;&#8221; custom_css_blurb_content=&#8221;font-weight:400;&#8221; border_radii=&#8221;on|3px|3px|3px|3px&#8221; global_colors_info=&#8221;{}&#8221; theme_builder_area=&#8221;post_content&#8221;]<\/p>\n<p>Les solutions Isitec International vous assistent dans : le tri vocal de l&#8217;email ou par la machine, la gestion des objets sensibles, la gestion des courriers recommand\u00e9s&#8230; D\u00e9couvrez nos solutions de tri de courrier, de suivi de colis, de tra\u00e7abilit\u00e9 des courriers recommand\u00e9s. <a style=\"text-decoration: underline;\" href=\"https:\/\/isitec-international.com\/fr\/secteurs\/organisation-postale\/\">En savoir plus<\/a><\/p>\n<p>[\/et_pb_blurb][\/et_pb_column][\/et_pb_row][et_pb_row column_structure=&#8221;1_3,1_3,1_3&#8243; use_custom_gutter=&#8221;on&#8221; gutter_width=&#8221;2&#8243; make_equal=&#8221;on&#8221; module_class=&#8221;home-services&#8221; _builder_version=&#8221;4.9.0&#8243; _module_preset=&#8221;default&#8221; custom_margin=&#8221;40px||||false|false&#8221; custom_margin_tablet=&#8221;30px||||false|false&#8221; custom_margin_phone=&#8221;&#8221; custom_margin_last_edited=&#8221;on|tablet&#8221; custom_padding=&#8221;0px||0px|||&#8221; animation_style=&#8221;slide&#8221; animation_direction=&#8221;bottom&#8221; animation_intensity_slide=&#8221;10%&#8221; global_colors_info=&#8221;{}&#8221; theme_builder_area=&#8221;post_content&#8221;][et_pb_column type=&#8221;1_3&#8243; _builder_version=&#8221;4.7.7&#8243; _module_preset=&#8221;default&#8221; background_color=&#8221;#ffffff&#8221; custom_padding=&#8221;40px|35px|40px|35px|true|true&#8221; border_color_right=&#8221;#a32d60&#8243; box_shadow_style=&#8221;preset1&#8243; box_shadow_vertical=&#8221;5px&#8221; box_shadow_blur=&#8221;60px&#8221; box_shadow_color=&#8221;rgba(40,40,40,0.1)&#8221; global_colors_info=&#8221;{}&#8221; theme_builder_area=&#8221;post_content&#8221;][et_pb_blurb title=&#8221;Services g\u00e9n\u00e9raux&#8221; url=&#8221;https:\/\/www.isitec-international.com\/fr\/secteurs\/etablissement-et-services-generaux\/&#8221; image=&#8221;https:\/\/isitec-international.com\/wp-content\/uploads\/2021\/01\/isitec-international-icon-facility-and-general-services.png&#8221; icon_alignment=&#8221;left&#8221; _builder_version=&#8221;4.13.0&#8243; _module_preset=&#8221;default&#8221; header_level=&#8221;h3&#8243; header_font=&#8221;Poppins|600|||||||&#8221; header_text_color=&#8221;#161a6b&#8221; header_font_size=&#8221;23px&#8221; header_line_height=&#8221;1.5em&#8221; body_text_color=&#8221;#666666&#8243; body_font_size=&#8221;15px&#8221; body_line_height=&#8221;2em&#8221; body_link_text_color=&#8221;#f96f5d&#8221; link_option_url=&#8221;https:\/\/www.isitec-international.com\/fr\/secteurs\/etablissement-et-services-generaux\/&#8221; custom_css_blurb_image=&#8221;margin-bottom:20px;&#8221; custom_css_blurb_content=&#8221;font-weight:400;&#8221; border_radii=&#8221;on|3px|3px|3px|3px&#8221; global_colors_info=&#8221;{}&#8221; theme_builder_area=&#8221;post_content&#8221;]<\/p>\n<p>Le suivi des colis, la publication de statistiques et de KPI, l&#8217;am\u00e9lioration des communications, la logistique du courrier, la r\u00e9duction des t\u00e2ches administratives, les inventaires, la gestion du mobilier&#8230; D\u00e9couvrez nos offres.<br \/><a style=\"text-decoration: underline;\" href=\"https:\/\/isitec-international.com\/fr\/secteurs\/etablissement-et-services-generaux\/\">En savoir plus<\/a><\/p>\n<p>[\/et_pb_blurb][\/et_pb_column][et_pb_column type=&#8221;1_3&#8243; _builder_version=&#8221;4.7.7&#8243; _module_preset=&#8221;default&#8221; background_color=&#8221;#ffffff&#8221; custom_padding=&#8221;40px|35px|40px|35px|true|true&#8221; box_shadow_style=&#8221;preset1&#8243; box_shadow_vertical=&#8221;5px&#8221; box_shadow_blur=&#8221;60px&#8221; box_shadow_color=&#8221;rgba(40,40,40,0.1)&#8221; global_colors_info=&#8221;{}&#8221; theme_builder_area=&#8221;post_content&#8221;][et_pb_blurb title=&#8221;Automobile&#8221; url=&#8221;\/fr\/automobile\/&#8221; image=&#8221;https:\/\/isitec-international.com\/wp-content\/uploads\/2021\/01\/isitec-international-icon-automotive.png&#8221; icon_alignment=&#8221;left&#8221; _builder_version=&#8221;4.13.0&#8243; _module_preset=&#8221;default&#8221; header_level=&#8221;h3&#8243; header_font=&#8221;Poppins|600|||||||&#8221; header_text_color=&#8221;#161a6b&#8221; header_font_size=&#8221;23px&#8221; header_line_height=&#8221;1.5em&#8221; body_text_color=&#8221;#666666&#8243; body_font_size=&#8221;15px&#8221; body_line_height=&#8221;2em&#8221; body_link_text_color=&#8221;#f96f5d&#8221; link_option_url=&#8221;\/fr\/automobile\/&#8221; custom_css_blurb_image=&#8221;margin-bottom:20px;&#8221; custom_css_blurb_content=&#8221;font-weight:400;&#8221; border_radii=&#8221;on|3px|3px|3px|3px&#8221; global_colors_info=&#8221;{}&#8221; theme_builder_area=&#8221;post_content&#8221;]<\/p>\n<p>L&#8217;industrie automobile repr\u00e9sente une part importante du march\u00e9 industriel. Afin de continuer \u00e0 am\u00e9liorer ses performances et de faire face aux importations et exportations internationales, ce secteur a besoin de solutions pour optimiser les flux logistiques en constante \u00e9volution. <a style=\"text-decoration: underline;\" href=\"https:\/\/isitec-international.com\/fr\/secteurs\/automobile\/\">En savoir plus<\/a><\/p>\n<p>[\/et_pb_blurb][\/et_pb_column][et_pb_column type=&#8221;1_3&#8243; _builder_version=&#8221;4.7.7&#8243; _module_preset=&#8221;default&#8221; background_color=&#8221;#ffffff&#8221; custom_padding=&#8221;40px|35px|40px|35px|true|true&#8221; box_shadow_style=&#8221;preset1&#8243; box_shadow_vertical=&#8221;5px&#8221; box_shadow_blur=&#8221;60px&#8221; box_shadow_color=&#8221;rgba(40,40,40,0.1)&#8221; global_colors_info=&#8221;{}&#8221; theme_builder_area=&#8221;post_content&#8221;][et_pb_blurb title=&#8221;Service courrier&#8221; url=&#8221;https:\/\/www.isitec-international.com\/fr\/secteurs\/service-courrier\/&#8221; image=&#8221;https:\/\/isitec-international.com\/wp-content\/uploads\/2021\/01\/isitec-international-icon-mail-services.png&#8221; icon_alignment=&#8221;left&#8221; _builder_version=&#8221;4.13.0&#8243; _module_preset=&#8221;default&#8221; header_level=&#8221;h3&#8243; header_font=&#8221;Poppins|600|||||||&#8221; header_text_color=&#8221;#161a6b&#8221; header_font_size=&#8221;23px&#8221; header_line_height=&#8221;1.5em&#8221; body_text_color=&#8221;#666666&#8243; body_font_size=&#8221;15px&#8221; body_line_height=&#8221;2em&#8221; body_link_text_color=&#8221;#f96f5d&#8221; link_option_url=&#8221;https:\/\/www.isitec-international.com\/fr\/secteurs\/service-courrier\/&#8221; custom_css_blurb_image=&#8221;margin-bottom:20px;&#8221; custom_css_blurb_content=&#8221;font-weight:400;&#8221; border_radii=&#8221;on|3px|3px|3px|3px&#8221; global_colors_info=&#8221;{}&#8221; theme_builder_area=&#8221;post_content&#8221;]<\/p>\n<p>Modernisez vos m\u00e9thodes de traitement du courrier et optimisez la gestion du courrier de votre entreprise. Isitec International a d\u00e9velopp\u00e9 des solutions pour prendre en charge les flux de documents depuis leur entr\u00e9e dans les locaux jusqu&#8217;\u00e0 leur distribution. <a style=\"text-decoration: underline;\" href=\"https:\/\/isitec-international.com\/fr\/secteurs\/service-courrier\/\">En savoir plus<\/a><\/p>\n<p>[\/et_pb_blurb][\/et_pb_column][\/et_pb_row][\/et_pb_section]<\/p>\n","protected":false},"excerpt":{"rendered":"<p>Merci d&#8217;avoir demand\u00e9 une d\u00e9mo Nous reviendrons vers vous rapidementIsitec International, un acc\u00e9l\u00e9rateur cl\u00e9 pour le d\u00e9veloppementFabrication, transport, distribution, support&#8230;. pour tout c\u0153ur de m\u00e9tier, chez Isitec International nous concevons des solutions pour optimiser la gestion des flux logistiques de votre entreprise.En savoir plusLes industries alimentaire, textile, chimique, pharmaceutique, m\u00e9tallurgique et papeti\u00e8re ont un point [&hellip;]<\/p>\n","protected":false},"author":1,"featured_media":0,"parent":0,"menu_order":0,"comment_status":"closed","ping_status":"closed","template":"","meta":{"_seopress_robots_primary_cat":"","_seopress_titles_title":"","_seopress_titles_desc":"","_seopress_robots_index":"oui","_et_pb_use_builder":"on","_et_pb_old_content":"","_et_gb_content_width":"","footnotes":""},"class_list":["post-19528","page","type-page","status-publish","hentry"],"_links":{"self":[{"href":"https:\/\/isitec-international.com\/fr\/wp-json\/wp\/v2\/pages\/19528","targetHints":{"allow":["GET"]}}],"collection":[{"href":"https:\/\/isitec-international.com\/fr\/wp-json\/wp\/v2\/pages"}],"about":[{"href":"https:\/\/isitec-international.com\/fr\/wp-json\/wp\/v2\/types\/page"}],"author":[{"embeddable":true,"href":"https:\/\/isitec-international.com\/fr\/wp-json\/wp\/v2\/users\/1"}],"replies":[{"embeddable":true,"href":"https:\/\/isitec-international.com\/fr\/wp-json\/wp\/v2\/comments?post=19528"}],"version-history":[{"count":3,"href":"https:\/\/isitec-international.com\/fr\/wp-json\/wp\/v2\/pages\/19528\/revisions"}],"predecessor-version":[{"id":19531,"href":"https:\/\/isitec-international.com\/fr\/wp-json\/wp\/v2\/pages\/19528\/revisions\/19531"}],"wp:attachment":[{"href":"https:\/\/isitec-international.com\/fr\/wp-json\/wp\/v2\/media?parent=19528"}],"curies":[{"name":"wp","href":"https:\/\/api.w.org\/{rel}","templated":true}]}}